{"id":129,"date":"2025-08-28T12:14:14","date_gmt":"2025-08-28T12:14:14","guid":{"rendered":"https:\/\/thenorthplacemagazine.com\/eventos\/?page_id=129"},"modified":"2025-09-24T14:02:04","modified_gmt":"2025-09-24T14:02:04","slug":"form-new","status":"publish","type":"page","link":"https:\/\/thenorthplacemagazine.com\/eventos\/form-new\/","title":{"rendered":"form-tnp"},"content":{"rendered":"<p>[et_pb_section fb_built=\u00bb1&#8243; custom_padding_last_edited=\u00bbon|phone\u00bb _builder_version=\u00bb4.27.0&#8243; _module_preset=\u00bbdefault\u00bb use_background_color_gradient=\u00bbon\u00bb background_color_gradient_stops=\u00bbrgba(0,0,0,0.3) 0%|rgba(0,0,0,0.3) 100%\u00bb background_color_gradient_overlays_image=\u00bbon\u00bb background_image=\u00bbhttps:\/\/thenorthplacemagazine.com\/eventos\/wp-content\/uploads\/2024\/09\/tnp_.jpg\u00bb background_position=\u00bbtop_center\u00bb background_vertical_offset=\u00bb44%\u00bb custom_margin=\u00bb-150px||||false|false\u00bb custom_padding=\u00bb200px||50px||false|false\u00bb custom_padding_tablet=\u00bb100px||50px||false|false\u00bb custom_padding_phone=\u00bb150px||0px||false|false\u00bb global_colors_info=\u00bb{}\u00bb][et_pb_row _builder_version=\u00bb4.19.4&#8243; _module_preset=\u00bbdefault\u00bb width_tablet=\u00bb\u00bb width_phone=\u00bb90%\u00bb width_last_edited=\u00bbon|phone\u00bb global_colors_info=\u00bb{}\u00bb][et_pb_column type=\u00bb4_4&#8243; _builder_version=\u00bb4.19.4&#8243; _module_preset=\u00bbdefault\u00bb global_colors_info=\u00bb{}\u00bb][et_pb_text _builder_version=\u00bb4.21.0&#8243; _module_preset=\u00bbdefault\u00bb header_2_font=\u00bb|600|||||||\u00bb header_2_text_color=\u00bb#FFFFFF\u00bb header_2_font_size=\u00bb50px\u00bb header_2_font_size_tablet=\u00bb50px\u00bb header_2_font_size_phone=\u00bb30px\u00bb header_2_font_size_last_edited=\u00bbon|phone\u00bb global_colors_info=\u00bb{}\u00bb]<\/p>\n<h2 style=\"text-align: center;\">COMPLET\u00c1 TUS DATOS<br \/>\n<\/h2>\n<p>[\/et_pb_text][et_pb_text _builder_version=\u00bb4.21.0&#8243; _module_preset=\u00bbdefault\u00bb header_2_text_color=\u00bb#FFFFFF\u00bb header_2_font_size=\u00bb50px\u00bb header_4_text_color=\u00bb#FFFFFF\u00bb header_4_font_size=\u00bb25px\u00bb header_4_font_size_tablet=\u00bb25px\u00bb header_4_font_size_phone=\u00bb16px\u00bb header_4_font_size_last_edited=\u00bbon|phone\u00bb global_colors_info=\u00bb{}\u00bb]<\/p>\n<h4 style=\"text-align: center;\"><span>Recibir\u00e1s en los pr\u00f3ximos d\u00edas la confirmaci\u00f3n de tu cupo, sujeto a disponibilidad, junto con tu entrada digital gratuita! <\/p>\n<p><\/span><br \/>\n<span>Traela el d\u00eda del evento en tu celular para poder ingresar!<br \/>\nNos vemos! <\/span><\/h4>\n<p>[\/et_pb_text][et_pb_icon font_icon=\u00bb&#x3b;||divi||400&#8243; icon_color=\u00bb#FFFFFF\u00bb icon_width=\u00bb25px\u00bb url=\u00bb#next\u00bb _builder_version=\u00bb4.19.4&#8243; _module_preset=\u00bbdefault\u00bb global_colors_info=\u00bb{}\u00bb][\/et_pb_icon][\/et_pb_column][\/et_pb_row][\/et_pb_section][et_pb_section fb_built=\u00bb1&#8243; module_id=\u00bbnext\u00bb _builder_version=\u00bb4.19.4&#8243; _module_preset=\u00bbdefault\u00bb global_colors_info=\u00bb{}\u00bb][et_pb_row _builder_version=\u00bb4.27.0&#8243; _module_preset=\u00bbdefault\u00bb width=\u00bb90%\u00bb global_colors_info=\u00bb{}\u00bb][et_pb_column type=\u00bb4_4&#8243; _builder_version=\u00bb4.19.4&#8243; _module_preset=\u00bbdefault\u00bb global_colors_info=\u00bb{}\u00bb][et_pb_contact_form captcha=\u00bboff\u00bb email=\u00bbinfo@thenorthplacemagazine.com\u00bb custom_message=\u00bbNombre y Apellido: %%nombre%%||et_pb_line_break_holder||Email: %%email%%||et_pb_line_break_holder||Dni: %%dni%%||et_pb_line_break_holder||Barrio de residencia: %%barrio%%||et_pb_line_break_holder||Destino del mundo: %%vino%%||et_pb_line_break_holder||Restaurante recomendarias: %%cantidad%%\u00bb success_message=\u00bbRecibir\u00e1s en los pr\u00f3ximos d\u00edas la confirmaci\u00f3n del cupo, y si est\u00e1 disponible, tu entrada digital!   Te esperamos con ella en tu celular.  Nos vemos! \u00bb submit_button_text=\u00bbREGISTRARME\u00bb module_class=\u00bbpa-contact-form-success-message\u00bb _builder_version=\u00bb4.27.0&#8243; _module_preset=\u00bbdefault\u00bb _unique_id=\u00bb396dc22a-c16b-4a07-ba4c-39f9c104a802&#8243; custom_button=\u00bbon\u00bb button_text_size=\u00bb16px\u00bb button_text_color=\u00bb#FFFFFF\u00bb button_bg_color=\u00bb#19093c\u00bb button_border_width=\u00bb0px\u00bb button_border_color=\u00bbRGBA(255,255,255,0)\u00bb border_radii=\u00bbon|5px|5px|5px|5px\u00bb border_width_all=\u00bb1px\u00bb border_color_all=\u00bb#19093c\u00bb global_colors_info=\u00bb{}\u00bb][et_pb_contact_field field_id=\u00bbnombre\u00bb field_title=\u00bbNombre y Apellido\u00bb _builder_version=\u00bb4.19.4&#8243; global_colors_info=\u00bb{}\u00bb button_text_size__hover_enabled=\u00bboff\u00bb button_one_text_size__hover_enabled=\u00bboff\u00bb button_two_text_size__hover_enabled=\u00bboff\u00bb button_text_color__hover_enabled=\u00bboff\u00bb button_one_text_color__hover_enabled=\u00bboff\u00bb button_two_text_color__hover_enabled=\u00bboff\u00bb button_border_width__hover_enabled=\u00bboff\u00bb button_one_border_width__hover_enabled=\u00bboff\u00bb button_two_border_width__hover_enabled=\u00bboff\u00bb button_border_color__hover_enabled=\u00bboff\u00bb button_one_border_color__hover_enabled=\u00bboff\u00bb button_two_border_color__hover_enabled=\u00bboff\u00bb button_border_radius__hover_enabled=\u00bboff\u00bb button_one_border_radius__hover_enabled=\u00bboff\u00bb button_two_border_radius__hover_enabled=\u00bboff\u00bb button_letter_spacing__hover_enabled=\u00bboff\u00bb button_one_letter_spacing__hover_enabled=\u00bboff\u00bb button_two_letter_spacing__hover_enabled=\u00bboff\u00bb button_bg_color__hover_enabled=\u00bboff\u00bb button_one_bg_color__hover_enabled=\u00bboff\u00bb button_two_bg_color__hover_enabled=\u00bboff\u00bb][\/et_pb_contact_field][et_pb_contact_field field_id=\u00bbemail\u00bb field_title=\u00bbEmail\u00bb field_type=\u00bbemail\u00bb _builder_version=\u00bb4.27.0&#8243; global_colors_info=\u00bb{}\u00bb button_text_size__hover_enabled=\u00bboff\u00bb button_one_text_size__hover_enabled=\u00bboff\u00bb button_two_text_size__hover_enabled=\u00bboff\u00bb button_text_color__hover_enabled=\u00bboff\u00bb button_one_text_color__hover_enabled=\u00bboff\u00bb button_two_text_color__hover_enabled=\u00bboff\u00bb button_border_width__hover_enabled=\u00bboff\u00bb button_one_border_width__hover_enabled=\u00bboff\u00bb button_two_border_width__hover_enabled=\u00bboff\u00bb button_border_color__hover_enabled=\u00bboff\u00bb button_one_border_color__hover_enabled=\u00bboff\u00bb button_two_border_color__hover_enabled=\u00bboff\u00bb button_border_radius__hover_enabled=\u00bboff\u00bb button_one_border_radius__hover_enabled=\u00bboff\u00bb button_two_border_radius__hover_enabled=\u00bboff\u00bb button_letter_spacing__hover_enabled=\u00bboff\u00bb button_one_letter_spacing__hover_enabled=\u00bboff\u00bb button_two_letter_spacing__hover_enabled=\u00bboff\u00bb button_bg_color__hover_enabled=\u00bboff\u00bb button_one_bg_color__hover_enabled=\u00bboff\u00bb button_two_bg_color__hover_enabled=\u00bboff\u00bb][\/et_pb_contact_field][et_pb_contact_field field_id=\u00bbdni\u00bb field_title=\u00bbTu Dni\u00bb allowed_symbols=\u00bbnumbers\u00bb _builder_version=\u00bb4.27.0&#8243; global_colors_info=\u00bb{}\u00bb button_text_size__hover_enabled=\u00bboff\u00bb button_one_text_size__hover_enabled=\u00bboff\u00bb button_two_text_size__hover_enabled=\u00bboff\u00bb button_text_color__hover_enabled=\u00bboff\u00bb button_one_text_color__hover_enabled=\u00bboff\u00bb button_two_text_color__hover_enabled=\u00bboff\u00bb button_border_width__hover_enabled=\u00bboff\u00bb button_one_border_width__hover_enabled=\u00bboff\u00bb button_two_border_width__hover_enabled=\u00bboff\u00bb button_border_color__hover_enabled=\u00bboff\u00bb button_one_border_color__hover_enabled=\u00bboff\u00bb button_two_border_color__hover_enabled=\u00bboff\u00bb button_border_radius__hover_enabled=\u00bboff\u00bb button_one_border_radius__hover_enabled=\u00bboff\u00bb button_two_border_radius__hover_enabled=\u00bboff\u00bb button_letter_spacing__hover_enabled=\u00bboff\u00bb button_one_letter_spacing__hover_enabled=\u00bboff\u00bb button_two_letter_spacing__hover_enabled=\u00bboff\u00bb button_bg_color__hover_enabled=\u00bboff\u00bb button_one_bg_color__hover_enabled=\u00bboff\u00bb button_two_bg_color__hover_enabled=\u00bboff\u00bb][\/et_pb_contact_field][et_pb_contact_field field_id=\u00bbbarrio\u00bb field_title=\u00bbBarrio de residencia\u00bb _builder_version=\u00bb4.19.4&#8243; global_colors_info=\u00bb{}\u00bb button_text_size__hover_enabled=\u00bboff\u00bb button_one_text_size__hover_enabled=\u00bboff\u00bb button_two_text_size__hover_enabled=\u00bboff\u00bb button_text_color__hover_enabled=\u00bboff\u00bb button_one_text_color__hover_enabled=\u00bboff\u00bb button_two_text_color__hover_enabled=\u00bboff\u00bb button_border_width__hover_enabled=\u00bboff\u00bb button_one_border_width__hover_enabled=\u00bboff\u00bb button_two_border_width__hover_enabled=\u00bboff\u00bb button_border_color__hover_enabled=\u00bboff\u00bb button_one_border_color__hover_enabled=\u00bboff\u00bb button_two_border_color__hover_enabled=\u00bboff\u00bb button_border_radius__hover_enabled=\u00bboff\u00bb button_one_border_radius__hover_enabled=\u00bboff\u00bb button_two_border_radius__hover_enabled=\u00bboff\u00bb button_letter_spacing__hover_enabled=\u00bboff\u00bb button_one_letter_spacing__hover_enabled=\u00bboff\u00bb button_two_letter_spacing__hover_enabled=\u00bboff\u00bb button_bg_color__hover_enabled=\u00bboff\u00bb button_one_bg_color__hover_enabled=\u00bboff\u00bb button_two_bg_color__hover_enabled=\u00bboff\u00bb][\/et_pb_contact_field][et_pb_contact_field field_id=\u00bbvino\u00bb field_title=\u00bbN\u00famero de celular con c\u00f3digo de \u00e1rea\u00bb allowed_symbols=\u00bbnumbers\u00bb fullwidth_field=\u00bbon\u00bb _builder_version=\u00bb4.27.0&#8243; _module_preset=\u00bbdefault\u00bb global_colors_info=\u00bb{}\u00bb][\/et_pb_contact_field][et_pb_contact_field field_id=\u00bbcantidad\u00bb field_title=\u00bb\u00bfQu\u00e9 restaurant de Argentina o el \ud83c\udf0e recomendar\u00edas conocer si o si?\u00bb field_type=\u00bbtext\u00bb fullwidth_field=\u00bbon\u00bb _builder_version=\u00bb4.27.0&#8243; _module_preset=\u00bbdefault\u00bb height_last_edited=\u00bboff|desktop\u00bb global_colors_info=\u00bb{}\u00bb][\/et_pb_contact_field][\/et_pb_contact_form][et_pb_text _builder_version=\u00bb4.27.0&#8243; _module_preset=\u00bbdefault\u00bb hover_enabled=\u00bb0&#8243; global_colors_info=\u00bb{}\u00bb sticky_enabled=\u00bb0&#8243; custom_margin=\u00bb90px||||false|false\u00bb]<span style=\"font-size: 0.85em; color: #999999;\">Al enviar tus datos, acept\u00e1s recibir nuestras novedades. Los cuidaremos de forma segura y podr\u00e1s desuscribirte en cualquier momento.<\/span>[\/et_pb_text][\/et_pb_column][\/et_pb_row][\/et_pb_section]<\/p>\n","protected":false},"excerpt":{"rendered":"<p>Nombre y Apellido:%%nombre%%<br \/>\nEmail:%%email&#038;&#038;<br \/>\nDni: %%dni%%<br \/>\nBarrio de Residencia: %%barrio%%<br \/>\nPlaya favorita: %%playa%%<br \/>\nCantidad de entradas: %%entradas%%<\/p>\n","protected":false},"author":2,"featured_media":0,"parent":0,"menu_order":0,"comment_status":"closed","ping_status":"closed","template":"","meta":{"_et_pb_use_builder":"on","_et_pb_old_content":"","_et_gb_content_width":"","footnotes":""},"class_list":["post-129","page","type-page","status-publish","hentry"],"yoast_head":"<!-- This site is optimized with the Yoast SEO plugin v25.9 - https:\/\/yoast.com\/wordpress\/plugins\/seo\/ -->\n<title>Complet\u00e1 tus datos | The North Place<\/title>\n<meta name=\"robots\" content=\"index, follow, max-snippet:-1, max-image-preview:large, max-video-preview:-1\" \/>\n<link rel=\"canonical\" href=\"https:\/\/thenorthplacemagazine.com\/eventos\/form-new\/\" \/>\n<meta property=\"og:locale\" content=\"es_ES\" \/>\n<meta property=\"og:type\" content=\"article\" \/>\n<meta property=\"og:title\" content=\"Complet\u00e1 tus datos | The North Place\" \/>\n<meta property=\"og:description\" content=\"Nombre y Apellido: Email:dnibarrioplayaentradas%%\" \/>\n<meta property=\"og:url\" content=\"https:\/\/thenorthplacemagazine.com\/eventos\/form-new\/\" \/>\n<meta property=\"og:site_name\" content=\"The North Place\" \/>\n<meta property=\"article:modified_time\" content=\"2025-09-24T14:02:04+00:00\" \/>\n<meta name=\"twitter:card\" content=\"summary_large_image\" \/>\n<meta name=\"twitter:label1\" content=\"Tiempo de lectura\" \/>\n\t<meta name=\"twitter:data1\" content=\"1 minuto\" \/>\n<script type=\"application\/ld+json\" class=\"yoast-schema-graph\">{\"@context\":\"https:\/\/schema.org\",\"@graph\":[{\"@type\":\"WebPage\",\"@id\":\"https:\/\/thenorthplacemagazine.com\/eventos\/form-new\/\",\"url\":\"https:\/\/thenorthplacemagazine.com\/eventos\/form-new\/\",\"name\":\"Complet\u00e1 tus datos | The North Place\",\"isPartOf\":{\"@id\":\"https:\/\/thenorthplacemagazine.com\/eventos\/#website\"},\"datePublished\":\"2025-08-28T12:14:14+00:00\",\"dateModified\":\"2025-09-24T14:02:04+00:00\",\"breadcrumb\":{\"@id\":\"https:\/\/thenorthplacemagazine.com\/eventos\/form-new\/#breadcrumb\"},\"inLanguage\":\"es\",\"potentialAction\":[{\"@type\":\"ReadAction\",\"target\":[\"https:\/\/thenorthplacemagazine.com\/eventos\/form-new\/\"]}]},{\"@type\":\"BreadcrumbList\",\"@id\":\"https:\/\/thenorthplacemagazine.com\/eventos\/form-new\/#breadcrumb\",\"itemListElement\":[{\"@type\":\"ListItem\",\"position\":1,\"name\":\"Portada\",\"item\":\"https:\/\/thenorthplacemagazine.com\/eventos\/\"},{\"@type\":\"ListItem\",\"position\":2,\"name\":\"form-tnp\"}]},{\"@type\":\"WebSite\",\"@id\":\"https:\/\/thenorthplacemagazine.com\/eventos\/#website\",\"url\":\"https:\/\/thenorthplacemagazine.com\/eventos\/\",\"name\":\"The North Place\",\"description\":\"Presentaci\u00f3n\",\"potentialAction\":[{\"@type\":\"SearchAction\",\"target\":{\"@type\":\"EntryPoint\",\"urlTemplate\":\"https:\/\/thenorthplacemagazine.com\/eventos\/?s={search_term_string}\"},\"query-input\":{\"@type\":\"PropertyValueSpecification\",\"valueRequired\":true,\"valueName\":\"search_term_string\"}}],\"inLanguage\":\"es\"}]}<\/script>\n<!-- \/ Yoast SEO plugin. -->","yoast_head_json":{"title":"Complet\u00e1 tus datos | The North Place","robots":{"index":"index","follow":"follow","max-snippet":"max-snippet:-1","max-image-preview":"max-image-preview:large","max-video-preview":"max-video-preview:-1"},"canonical":"https:\/\/thenorthplacemagazine.com\/eventos\/form-new\/","og_locale":"es_ES","og_type":"article","og_title":"Complet\u00e1 tus datos | The North Place","og_description":"Nombre y Apellido: Email:dnibarrioplayaentradas%%","og_url":"https:\/\/thenorthplacemagazine.com\/eventos\/form-new\/","og_site_name":"The North Place","article_modified_time":"2025-09-24T14:02:04+00:00","twitter_card":"summary_large_image","twitter_misc":{"Tiempo de lectura":"1 minuto"},"schema":{"@context":"https:\/\/schema.org","@graph":[{"@type":"WebPage","@id":"https:\/\/thenorthplacemagazine.com\/eventos\/form-new\/","url":"https:\/\/thenorthplacemagazine.com\/eventos\/form-new\/","name":"Complet\u00e1 tus datos | The North Place","isPartOf":{"@id":"https:\/\/thenorthplacemagazine.com\/eventos\/#website"},"datePublished":"2025-08-28T12:14:14+00:00","dateModified":"2025-09-24T14:02:04+00:00","breadcrumb":{"@id":"https:\/\/thenorthplacemagazine.com\/eventos\/form-new\/#breadcrumb"},"inLanguage":"es","potentialAction":[{"@type":"ReadAction","target":["https:\/\/thenorthplacemagazine.com\/eventos\/form-new\/"]}]},{"@type":"BreadcrumbList","@id":"https:\/\/thenorthplacemagazine.com\/eventos\/form-new\/#breadcrumb","itemListElement":[{"@type":"ListItem","position":1,"name":"Portada","item":"https:\/\/thenorthplacemagazine.com\/eventos\/"},{"@type":"ListItem","position":2,"name":"form-tnp"}]},{"@type":"WebSite","@id":"https:\/\/thenorthplacemagazine.com\/eventos\/#website","url":"https:\/\/thenorthplacemagazine.com\/eventos\/","name":"The North Place","description":"Presentaci\u00f3n","potentialAction":[{"@type":"SearchAction","target":{"@type":"EntryPoint","urlTemplate":"https:\/\/thenorthplacemagazine.com\/eventos\/?s={search_term_string}"},"query-input":{"@type":"PropertyValueSpecification","valueRequired":true,"valueName":"search_term_string"}}],"inLanguage":"es"}]}},"_links":{"self":[{"href":"https:\/\/thenorthplacemagazine.com\/eventos\/wp-json\/wp\/v2\/pages\/129","targetHints":{"allow":["GET"]}}],"collection":[{"href":"https:\/\/thenorthplacemagazine.com\/eventos\/wp-json\/wp\/v2\/pages"}],"about":[{"href":"https:\/\/thenorthplacemagazine.com\/eventos\/wp-json\/wp\/v2\/types\/page"}],"author":[{"embeddable":true,"href":"https:\/\/thenorthplacemagazine.com\/eventos\/wp-json\/wp\/v2\/users\/2"}],"replies":[{"embeddable":true,"href":"https:\/\/thenorthplacemagazine.com\/eventos\/wp-json\/wp\/v2\/comments?post=129"}],"version-history":[{"count":17,"href":"https:\/\/thenorthplacemagazine.com\/eventos\/wp-json\/wp\/v2\/pages\/129\/revisions"}],"predecessor-version":[{"id":168,"href":"https:\/\/thenorthplacemagazine.com\/eventos\/wp-json\/wp\/v2\/pages\/129\/revisions\/168"}],"wp:attachment":[{"href":"https:\/\/thenorthplacemagazine.com\/eventos\/wp-json\/wp\/v2\/media?parent=129"}],"curies":[{"name":"wp","href":"https:\/\/api.w.org\/{rel}","templated":true}]}}